{"id":2487,"date":"2025-02-10T16:59:42","date_gmt":"2025-02-10T19:59:42","guid":{"rendered":"https:\/\/rhmerco.com.br\/?page_id=2487"},"modified":"2025-03-12T11:22:59","modified_gmt":"2025-03-12T14:22:59","slug":"envio-de-documentos-para-o-rh","status":"publish","type":"page","link":"https:\/\/rhmerco.com.br\/?page_id=2487","title":{"rendered":"ENVIO DE DOCUMENTOS PARA O RH"},"content":{"rendered":"\n    <div class=\"menu-container\">\n        <div class=\"h-menu h-global-transition-all h-ignore-global-body-typography has-offcanvas-tablet h-menu-horizontal h-dropdown-menu\">\n            <div class=\"h-global-transition-all h-main-menu\">\n                <div class=\"colibri-menu-container\"><ul id=\"menu-principal\" class=\"colibri-menu bordered-active-item bordered-active-item--bottom effect-none\"><li id=\"menu-item-1707\" class=\"menu-item menu-item-type-custom menu-item-object-custom menu-item-has-children menu-item-1707\"><a>LOGIN<svg aria-hidden=\"true\" data-prefix=\"fas\" data-icon=\"angle-down\" class=\"svg-inline--fa fa-angle-down fa-w-10\" role=\"img\" xmlns=\"http:\/\/www.w3.org\/2000\/svg\" viewBox=\"0 0 320 512\"><path fill=\"currentColor\" d=\"M143 352.3L7 216.3c-9.4-9.4-9.4-24.6 0-33.9l22.6-22.6c9.4-9.4 24.6-9.4 33.9 0l96.4 96.4 96.4-96.4c9.4-9.4 24.6-9.4 33.9 0l22.6 22.6c9.4 9.4 9.4 24.6 0 33.9l-136 136c-9.2 9.4-24.4 9.4-33.8 0z\"><\/path><\/svg><svg aria-hidden=\"true\" data-prefix=\"fas\" data-icon=\"angle-right\" class=\"svg-inline--fa fa-angle-right fa-w-8\" role=\"img\" xmlns=\"http:\/\/www.w3.org\/2000\/svg\" viewBox=\"0 0 256 512\"><path fill=\"currentColor\" d=\"M224.3 273l-136 136c-9.4 9.4-24.6 9.4-33.9 0l-22.6-22.6c-9.4-9.4-9.4-24.6 0-33.9l96.4-96.4-96.4-96.4c-9.4-9.4-9.4-24.6 0-33.9L54.3 103c9.4-9.4 24.6-9.4 33.9 0l136 136c9.5 9.4 9.5 24.6.1 34z\"><\/path><\/svg><\/a>\n<ul class=\"sub-menu\">\n\t<li id=\"menu-item-1628\" class=\"menu-item menu-item-type-custom menu-item-object-custom menu-item-1628\"><a href=\"https:\/\/rhmerco.com.br\/wp-login.php\">ACESSAR<\/a><\/li>\n\t<li id=\"menu-item-2963\" class=\"menu-item menu-item-type-post_type menu-item-object-page menu-item-2963\"><a href=\"https:\/\/rhmerco.com.br\/?page_id=2949\">REDEFINI\u00c7\u00c3O DE SENHA<\/a><\/li>\n\t<li id=\"menu-item-1629\" class=\"menu-item menu-item-type-custom menu-item-object-custom menu-item-1629\"><a href=\"https:\/\/rhmerco.com.br\/wp-login.php?action=logout&#038;_wpnonce=34e56448b8\">SAIR<\/a><\/li>\n<\/ul>\n<\/li>\n<li id=\"menu-item-1698\" class=\"menu-item menu-item-type-custom menu-item-object-custom menu-item-has-children menu-item-1698\"><a>DOCUMENTOS RH<svg aria-hidden=\"true\" data-prefix=\"fas\" data-icon=\"angle-down\" class=\"svg-inline--fa fa-angle-down fa-w-10\" role=\"img\" xmlns=\"http:\/\/www.w3.org\/2000\/svg\" viewBox=\"0 0 320 512\"><path fill=\"currentColor\" d=\"M143 352.3L7 216.3c-9.4-9.4-9.4-24.6 0-33.9l22.6-22.6c9.4-9.4 24.6-9.4 33.9 0l96.4 96.4 96.4-96.4c9.4-9.4 24.6-9.4 33.9 0l22.6 22.6c9.4 9.4 9.4 24.6 0 33.9l-136 136c-9.2 9.4-24.4 9.4-33.8 0z\"><\/path><\/svg><svg aria-hidden=\"true\" data-prefix=\"fas\" data-icon=\"angle-right\" class=\"svg-inline--fa fa-angle-right fa-w-8\" role=\"img\" xmlns=\"http:\/\/www.w3.org\/2000\/svg\" viewBox=\"0 0 256 512\"><path fill=\"currentColor\" d=\"M224.3 273l-136 136c-9.4 9.4-24.6 9.4-33.9 0l-22.6-22.6c-9.4-9.4-9.4-24.6 0-33.9l96.4-96.4-96.4-96.4c-9.4-9.4-9.4-24.6 0-33.9L54.3 103c9.4-9.4 24.6-9.4 33.9 0l136 136c9.5 9.4 9.5 24.6.1 34z\"><\/path><\/svg><\/a>\n<ul class=\"sub-menu\">\n\t<li id=\"menu-item-1619\" class=\"menu-item menu-item-type-post_type menu-item-object-page menu-item-1619\"><a href=\"https:\/\/rhmerco.com.br\/?page_id=32\">CONTRACHEQUES<\/a><\/li>\n\t<li id=\"menu-item-2489\" class=\"menu-item menu-item-type-post_type menu-item-object-page menu-item-2489\"><a href=\"https:\/\/rhmerco.com.br\/?page_id=2487\">ENVIO DE DOCUMENTOS<\/a><\/li>\n<\/ul>\n<\/li>\n<li id=\"menu-item-2172\" class=\"menu-item menu-item-type-post_type menu-item-object-page menu-item-2172\"><a href=\"https:\/\/rhmerco.com.br\/?page_id=2165\">MURAL MERCOAVES<\/a><\/li>\n<li id=\"menu-item-2594\" class=\"menu-item menu-item-type-post_type menu-item-object-page menu-item-2594\"><a href=\"https:\/\/rhmerco.com.br\/?page_id=2587\">POL\u00cdTICAS<\/a><\/li>\n<li id=\"menu-item-2992\" class=\"menu-item menu-item-type-post_type menu-item-object-page menu-item-2992\"><a href=\"https:\/\/rhmerco.com.br\/?page_id=2970\">POPs<\/a><\/li>\n<li id=\"menu-item-1784\" class=\"menu-item menu-item-type-custom menu-item-object-custom menu-item-1784\"><a href=\"https:\/\/glpi.rhmerco.com.br\/glpi\/marketplace\/formcreator\/front\/formdisplay.php?id=1\">ABERTURA DE CHAMADOS TI<\/a><\/li>\n<li id=\"menu-item-3007\" class=\"menu-item menu-item-type-custom menu-item-object-custom menu-item-has-children menu-item-3007\"><a>PRODU\u00c7\u00c3O<svg aria-hidden=\"true\" data-prefix=\"fas\" data-icon=\"angle-down\" class=\"svg-inline--fa fa-angle-down fa-w-10\" role=\"img\" xmlns=\"http:\/\/www.w3.org\/2000\/svg\" viewBox=\"0 0 320 512\"><path fill=\"currentColor\" d=\"M143 352.3L7 216.3c-9.4-9.4-9.4-24.6 0-33.9l22.6-22.6c9.4-9.4 24.6-9.4 33.9 0l96.4 96.4 96.4-96.4c9.4-9.4 24.6-9.4 33.9 0l22.6 22.6c9.4 9.4 9.4 24.6 0 33.9l-136 136c-9.2 9.4-24.4 9.4-33.8 0z\"><\/path><\/svg><svg aria-hidden=\"true\" data-prefix=\"fas\" data-icon=\"angle-right\" class=\"svg-inline--fa fa-angle-right fa-w-8\" role=\"img\" xmlns=\"http:\/\/www.w3.org\/2000\/svg\" viewBox=\"0 0 256 512\"><path fill=\"currentColor\" d=\"M224.3 273l-136 136c-9.4 9.4-24.6 9.4-33.9 0l-22.6-22.6c-9.4-9.4-9.4-24.6 0-33.9l96.4-96.4-96.4-96.4c-9.4-9.4-9.4-24.6 0-33.9L54.3 103c9.4-9.4 24.6-9.4 33.9 0l136 136c9.5 9.4 9.5 24.6.1 34z\"><\/path><\/svg><\/a>\n<ul class=\"sub-menu\">\n\t<li id=\"menu-item-2701\" class=\"menu-item menu-item-type-post_type menu-item-object-page menu-item-2701\"><a href=\"https:\/\/rhmerco.com.br\/?page_id=2697\">RELAT\u00d3RIO DE N\u00c3O CONFORMIDADE<\/a><\/li>\n<\/ul>\n<\/li>\n<\/ul><\/div>            <\/div>\n        <\/div>\n    <\/div>\n\n    <style>\n        \/* Mantendo o estilo do Colibri *\/\n        * {\n            margin: 0;\n            padding: 0;\n            box-sizing: border-box;\n        }\n\n        \/* Cont\u00eainer do menu abaixo do cabe\u00e7alho *\/\n        .menu-container {\n            position: relative;\n            width: 100%;\n            z-index: 999;\n            background-color: #052e82;\n            box-shadow: 0px 2px 5px rgba(0, 0, 0, 0.1);\n            padding: 10px 0;\n        }\n\n        \/* Estilizando o menu *\/\n        .h-menu, .h-mobile-menu {\n            display: flex;\n            justify-content: center;\n            align-items: center;\n            width: 100%;\n            gap: 40px; \/* Ajustado para 40px para n\u00e3o espa\u00e7ar tanto *\/\n            font-family: var(--c-global-font-family, Arial, sans-serif);\n            font-size: var(--c-global-font-size, 13px);\n        }\n\n        .h-menu a {\n            text-decoration: none;\n            color: #fff !important;\n            padding: 10px 15px; \/* Reduzi as margens laterais *\/\n            transition: all 0.3s ease-in-out;\n            display: flex;\n            align-items: center;\n            gap: 15px; \/* Espa\u00e7o entre a palavra e a seta *\/\n        }\n\n        \/* Efeito de hover *\/\n        .h-menu a:hover {\n            color: #ffd700 !important;\n            border-bottom: 2px solid #ffd700;\n        }\n\n        \/* Ajuste da seta do submenu *\/\n        .h-menu li > a::after {\n            margin-left: 15px !important;\n        }\n\n        \/* Estilo para submenus *\/\n        .h-menu li {\n            position: relative;\n        }\n\n        .h-menu li:hover > .sub-menu {\n            display: block;\n            background-color: #052e82;\n        }\n\n        \/* Submenus escondidos por padr\u00e3o *\/\n        .h-menu .sub-menu {\n            display: none;\n            position: absolute;\n            top: 100%;\n            left: 0;\n            background-color: #052e82;\n            padding: 10px 0;\n            box-shadow: 0 2px 5px rgba(0, 0, 0, 0.1);\n        }\n\n        .h-menu .sub-menu a {\n            color: #fff !important;\n            padding: 12px 18px;\n        }\n\n        .h-menu .sub-menu a:hover {\n            color: #ffd700 !important;\n            border-bottom: 2px solid #ffd700;\n        }\n\n        \/* Responsividade *\/\n        @media (max-width: 768px) {\n            .menu-container {\n                padding: 5px 0;\n            }\n\n            .h-menu {\n                flex-direction: column;\n                text-align: center;\n                gap: 20px; \/* Ajuste no mobile *\/\n            }\n\n            .h-menu a {\n                display: block;\n                width: 100%;\n            }\n\n            .h-menu .sub-menu {\n                position: relative;\n                width: 100%;\n            }\n        }\n    <\/style>\n\n    \n\n    \n    <style>\n        \/* Ocultar menu em telas grandes *\/\n        @media (min-width: 768px) {\n            .mobile-menu-wrapper { display: none; }\n        }\n        \n        \/* Estiliza\u00e7\u00e3o do bot\u00e3o hamb\u00farguer *\/\n        .menu-toggle {\n            position: fixed;\n            top: 15px;\n            left: 15px;\n            background: #333;\n            color: #fff;\n            padding: 10px;\n            border-radius: 5px;\n            cursor: pointer;\n            z-index: 1001;\n        }\n\n        \/* Estiliza\u00e7\u00e3o da aba lateral *\/\n        .mobile-menu {\n            position: fixed;\n            top: 0;\n            left: -260px;\n            width: 260px;\n            height: 100%;\n            background: #222;\n            color: #fff;\n            box-shadow: 2px 0 5px rgba(0, 0, 0, 0.5);\n            padding-top: 50px;\n            transition: left 0.3s ease-in-out;\n            z-index: 1000;\n            overflow-y: auto;\n        }\n\n        .mobile-menu ul {\n            list-style: none;\n            padding: 0;\n            margin: 0;\n        }\n\n        .mobile-menu a {\n            display: block;\n            padding: 15px;\n            color: white;\n            text-decoration: none;\n            border-bottom: 1px solid #444;\n        }\n\n        .mobile-menu a:hover {\n            background: #444;\n        }\n\n        \/* Submenu *\/\n        .submenu {\n            display: none;\n            background: #333;\n        }\n\n        .submenu a {\n            padding-left: 30px;\n        }\n\n        .menu-item.has-submenu > a::after {\n            content: \" \u25bc\";\n            float: right;\n        }\n\n        .mobile-menu.open {\n            left: 0;\n        }\n    <\/style>\n\n    <div class=\"mobile-menu-wrapper\">\n        <div class=\"menu-toggle\" onclick=\"toggleMobileMenu()\">\u2630 Menu<\/div>\n        <div class=\"mobile-menu\" id=\"mobileMenu\">\n            <ul>\n                                    <li class=\"menu-item has-submenu\">\n                        <a href=\"#\" onclick=\"toggleSubmenu(event, this)\">\n                            LOGIN                        <\/a>\n                                                    <ul class=\"submenu\">\n                                                                    <li>\n                                        <a href=\"https:\/\/rhmerco.com.br\/wp-login.php\">\n                                            ACESSAR                                        <\/a>\n                                    <\/li>\n                                                                    <li>\n                                        <a href=\"https:\/\/rhmerco.com.br\/?page_id=2949\">\n                                            REDEFINIR SENHA                                        <\/a>\n                                    <\/li>\n                                                                    <li>\n                                        <a href=\"https:\/\/rhmerco.com.br\/wp-login.php?action=logout&#038;_wpnonce=9c196634d8\">\n                                            SAIR                                        <\/a>\n                                    <\/li>\n                                                            <\/ul>\n                                            <\/li>\n                                    <li class=\"menu-item has-submenu\">\n                        <a href=\"#\" onclick=\"toggleSubmenu(event, this)\">\n                            DOCUMENTOS RH                        <\/a>\n                                                    <ul class=\"submenu\">\n                                                                    <li>\n                                        <a href=\"https:\/\/rhmerco.com.br\/?page_id=32\">\n                                            CONTRACHEQUES                                        <\/a>\n                                    <\/li>\n                                                                    <li>\n                                        <a href=\"https:\/\/rhmerco.com.br\/?page_id=2487\">\n                                            ENVIO DE DOCUMENTOS                                        <\/a>\n                                    <\/li>\n                                                            <\/ul>\n                                            <\/li>\n                                    <li class=\"menu-item \">\n                        <a href=\"https:\/\/rhmerco.com.br\/?page_id=2165\" onclick=\"toggleSubmenu(event, this)\">\n                            MURAL MERCOAVES                        <\/a>\n                                            <\/li>\n                                    <li class=\"menu-item \">\n                        <a href=\"https:\/\/rhmerco.com.br\/?page_id=2587\" onclick=\"toggleSubmenu(event, this)\">\n                            POL\u00cdTICAS                        <\/a>\n                                            <\/li>\n                                    <li class=\"menu-item \">\n                        <a href=\"https:\/\/glpi.rhmerco.com.br\/glpi\/marketplace\/formcreator\/front\/formdisplay.php?id=1\" onclick=\"toggleSubmenu(event, this)\">\n                            ABERTURA DE CHAMADOS TI                        <\/a>\n                                            <\/li>\n                                    <li class=\"menu-item \">\n                        <a href=\"https:\/\/rhmerco.com.br\/?page_id=2970\" onclick=\"toggleSubmenu(event, this)\">\n                            POPs                        <\/a>\n                                            <\/li>\n                                    <li class=\"menu-item has-submenu\">\n                        <a href=\"#\" onclick=\"toggleSubmenu(event, this)\">\n                            PRODUCAO                        <\/a>\n                                                    <ul class=\"submenu\">\n                                                                    <li>\n                                        <a href=\"https:\/\/rhmerco.com.br\/?page_id=2697\">\n                                            RELAT\u00d3RIO DE N\u00c3O CONFORMIDADE                                        <\/a>\n                                    <\/li>\n                                                            <\/ul>\n                                            <\/li>\n                            <\/ul>\n        <\/div>\n    <\/div>\n\n    <script>\n        function toggleMobileMenu() {\n            var menu = document.getElementById(\"mobileMenu\");\n            menu.classList.toggle(\"open\");\n        }\n\n        function toggleSubmenu(event, element) {\n            event.preventDefault();\n            var submenu = element.nextElementSibling;\n            if (submenu && submenu.classList.contains(\"submenu\")) {\n                submenu.style.display = submenu.style.display === \"block\" ? \"none\" : \"block\";\n            } else {\n                window.location.href = element.href;\n            }\n        }\n    <\/script>\n\n    \n\n\n<\/div>\n<\/div>\n\n\n    <!-- Estilos espec\u00edficos para o shortcode -->\n    <style>\n        .shortcode-dinamico-wrapper {\n            background-color: #fff;\n            border: 1px solid #ddd;\n            border-radius: 8px;\n            padding: 20px;\n            max-width: 400px;\n            margin: 20px auto;\n            box-shadow: 0px 4px 8px rgba(0, 0, 0, 0.1);\n            text-align: center;\n        }\n        .shortcode-dinamico-wrapper label {\n            color: #333;\n            display: block;\n            font-weight: bold;\n            margin-top: 12px;\n            text-align: left;\n        }\n        .shortcode-dinamico-wrapper select {\n            width: 100%;\n            padding: 8px;\n            border: 1px solid #ccc;\n            border-radius: 5px;\n            font-size: 16px;\n            margin-top: 5px;\n        }\n        .shortcode-dinamico-container {\n            margin-top: 20px;\n        }\n    <\/style>\n\n    <div class=\"shortcode-dinamico-wrapper\">\n        <!-- Caixa de sele\u00e7\u00e3o -->\n        <select id=\"shortcode-selector\">\n            <option value=\"opcao1\"  selected='selected'>DOCUMENTOS PARA CONTRATA\u00c7\u00c3O<\/option>\n            <option value=\"opcao2\" >ATESTADOS<\/option>\n        <\/select>\n\n        <!-- \u00c1rea onde o shortcode ser\u00e1 renderizado -->\n        <div class=\"shortcode-dinamico-container\">\n                            <div class=\"igd igd-shortcode-wrap igd-shortcode-uploader\"\n                     data-shortcode-data=\"eyJpZCI6MTIsInN0YXR1cyI6Im9uIiwidGl0bGUiOiJET0NTIENBTkRJREFUT1MgIiwidHlwZSI6InVwbG9hZGVyIiwiYWxsRm9sZGVycyI6ZmFsc2UsImZvbGRlcnMiOlt7ImlkIjoiMWVkSmVHWmE4RC1sTlpuRmZGaWhyakgta3hyTkRCWnluIiwibmFtZSI6IkRPQ1MgUEFSQSBDT05UUkFUQVx1MDBjN1x1MDBjM08iLCJ0eXBlIjoiYXBwbGljYXRpb25cL3ZuZC5nb29nbGUtYXBwcy5mb2xkZXIiLCJzaXplIjpudWxsLCJpY29uTGluayI6Imh0dHBzOlwvXC9kcml2ZS10aGlyZHBhcnR5Lmdvb2dsZXVzZXJjb250ZW50LmNvbVwvMTZcL3R5cGVcL2FwcGxpY2F0aW9uXC92bmQuZ29vZ2xlLWFwcHMuZm9sZGVyK3NoYXJlZCIsInRodW1ibmFpbExpbmsiOm51bGwsIndlYlZpZXdMaW5rIjoiaHR0cHM6XC9cL2RyaXZlLmdvb2dsZS5jb21cL2RyaXZlXC9mb2xkZXJzXC8xZWRKZUdaYThELWxOWm5GZkZpaHJqSC1reHJOREJaeW4iLCJ3ZWJDb250ZW50TGluayI6bnVsbCwiY3JlYXRlZCI6IjIwMjUtMDMtMDRUMTQ6MTc6MjkuNTM3WiIsInVwZGF0ZWQiOiIyMDI1LTAzLTA0VDE0OjMxOjMzLjQ2OVoiLCJkZXNjcmlwdGlvbiI6bnVsbCwic2hhcmVkIjp0cnVlLCJzaGFyZWRXaXRoTWVUaW1lIjpudWxsLCJleHRlbnNpb24iOm51bGwsInJlc291cmNlS2V5IjpudWxsLCJjb3B5UmVxdWlyZXNXcml0ZXJQZXJtaXNzaW9uIjpmYWxzZSwic3RhcnJlZCI6ZmFsc2UsImV4cG9ydExpbmtzIjpudWxsLCJhY2NvdW50SWQiOiIxMTQ0MDIyNzY3NTcwMTY1OTM3MSIsInBhcmVudHMiOlsiMXpieUo2NDhxTnZudThGdDc2R1EzdmppSEs1SHRKZGRyIl0sInBlcm1pc3Npb25zIjp7ImNhblByZXZpZXciOnRydWUsImNhbkRvd25sb2FkIjpmYWxzZSwiY2FuRWRpdCI6ZmFsc2UsImNhbkRlbGV0ZSI6dHJ1ZSwiY2FuVHJhc2giOnRydWUsImNhbk1vdmUiOnRydWUsImNhblJlbmFtZSI6dHJ1ZSwiY2FuU2hhcmUiOnRydWUsImNvcHlSZXF1aXJlc1dyaXRlclBlcm1pc3Npb24iOmZhbHNlLCJjYW5DaGFuZ2VDb3B5UmVxdWlyZXNXcml0ZXJQZXJtaXNzaW9uIjpudWxsLCJ1c2VycyI6eyIxMTQ0MDIyNzY3NTcwMTY1OTM3MSI6eyJ0eXBlIjoidXNlciIsInJvbGUiOiJvd25lciIsImRvbWFpbiI6bnVsbH0sIjAxNzI2MDU3MDE3MTA2OTU0ODg1Ijp7InR5cGUiOiJ1c2VyIiwicm9sZSI6IndyaXRlciIsImRvbWFpbiI6bnVsbH19fSwiZXhwb3J0QXMiOltdLCJpc0ZvbGRlciI6dHJ1ZX1dLCJwcml2YXRlRm9sZGVycyI6ZmFsc2UsImFsbG93RXh0ZW5zaW9ucyI6ImpwZywgcG5nLCBwZGYsIGRvY3giLCJhbGxvd0FsbEV4dGVuc2lvbnMiOnRydWUsImFsbG93RXhjZXB0RXh0ZW5zaW9ucyI6bnVsbCwiYWxsb3dOYW1lcyI6bnVsbCwiYWxsb3dBbGxOYW1lcyI6ZmFsc2UsImFsbG93RXhjZXB0TmFtZXMiOm51bGwsIm5hbWVGaWx0ZXJPcHRpb25zIjpbImZpbGVzIl0sInNob3dGaWxlcyI6dHJ1ZSwic2hvd0ZvbGRlcnMiOnRydWUsImZpbGVOdW1iZXJzIjoiIiwiZW1iZWRXaWR0aCI6IjEwMCUiLCJlbWJlZEhlaWdodCI6IjQ4MHB4Iiwic29ydCI6eyJzb3J0QnkiOiJuYW1lIiwic29ydERpcmVjdGlvbiI6ImFzYyJ9LCJ2aWV3IjoibGlzdCIsImxhenlMb2FkIjp0cnVlLCJsYXp5TG9hZE51bWJlciI6MTAwLCJsYXp5TG9hZFR5cGUiOiJwYWdpbmF0aW9uIiwibWF4RmlsZVNpemUiOiIiLCJtaW5GaWxlU2l6ZSI6IiIsImVuYWJsZUZvbGRlclVwbG9hZCI6dHJ1ZSwib3Blbk5ld1RhYiI6dHJ1ZSwic2hvd1VwbG9hZExhYmVsIjp0cnVlLCJ1cGxvYWRMYWJlbFRleHQiOiJVcGxvYWQgRmlsZXMiLCJhbGxvd0VtYmVkUG9wb3V0Ijp0cnVlLCJ0aHVtYm5haWxDYXB0aW9uIjp0cnVlLCJwcmV2aWV3Ijp0cnVlLCJkb3dubG9hZCI6dHJ1ZSwiZGlzcGxheUZvciI6ImV2ZXJ5b25lIiwiZGlzcGxheVVzZXJzIjpbImV2ZXJ5b25lIl0sImRpc3BsYXlFdmVyeW9uZSI6ZmFsc2UsImRpc3BsYXlFeGNlcHQiOltdLCJ1cGxvYWRDb25maXJtYXRpb25NZXNzYWdlIjoiPHA+QXJxdWl2b3MgZW52aWFkb3MgY29tIHN1Y2Vzc28sIG9icmlnYWRvITxcL3A+IiwiZW5hYmxlTm90aWZpY2F0aW9uIjp0cnVlLCJub3RpZmljYXRpb25FbWFpbCI6InJoQG1lcmNvYXZlcy5jb20uYnIiLCJ1cGxvYWRJbW1lZGlhdGVseSI6ZmFsc2UsImZpbHRlcnMiOnsiYWxsb3dFeHRlbnNpb25zIjoianBnLHBuZyxwZGYsZG9jeCIsImFsbG93QWxsRXh0ZW5zaW9ucyI6dHJ1ZSwiYWxsb3dFeGNlcHRFeHRlbnNpb25zIjoiIiwiYWxsb3dOYW1lcyI6IiIsImFsbG93QWxsTmFtZXMiOmZhbHNlLCJhbGxvd0V4Y2VwdE5hbWVzIjoiIiwibmFtZUZpbHRlck9wdGlvbnMiOlsiZmlsZXMiXSwic2hvd0ZpbGVzIjp0cnVlLCJzaG93Rm9sZGVycyI6dHJ1ZX0sIm5vdGlmaWNhdGlvbnMiOnsiZG93bmxvYWROb3RpZmljYXRpb24iOnRydWUsInVwbG9hZE5vdGlmaWNhdGlvbiI6dHJ1ZSwiZGVsZXRlTm90aWZpY2F0aW9uIjp0cnVlLCJwbGF5Tm90aWZpY2F0aW9uIjpmYWxzZSwic2VhcmNoTm90aWZpY2F0aW9uIjpmYWxzZSwidmlld05vdGlmaWNhdGlvbiI6dHJ1ZSwibm90aWZpY2F0aW9uRW1haWwiOiJyaEBtZXJjb2F2ZXMuY29tLmJyIiwic2tpcEN1cnJlbnRVc2VyTm90aWZpY2F0aW9uIjp0cnVlfSwiYWNjb3VudCI6eyJpZCI6IjExNDQwMjI3Njc1NzAxNjU5MzcxIiwibmFtZSI6InJobWVyY28iLCJlbWFpbCI6InJobWVyY29hdmVzQGdtYWlsLmNvbSIsInBob3RvIjoiaHR0cHM6XC9cL2xoMy5nb29nbGV1c2VyY29udGVudC5jb21cL2FcL0FDZzhvY0p2Z1ZIdlhObUxvM1hSX3RiWkZ6RVNiT0NMY2pQZG5xa2oteU9WT3lzMDlLeFo9czY0Iiwic3RvcmFnZSI6eyJ1c2FnZSI6IjMxNTQ3MzUiLCJsaW1pdCI6IjE2MTA2MTI3MzYwIn0sImxvc3QiOmZhbHNlLCJyb290X2lkIjoiMEFIOGNBOEUzbndROFVrOVBWQSIsInVzZXJfaWQiOlsiYWRtaW4iXX0sIm5vbmNlIjoiZTk3MmVjODU2OSJ9\"\n                     style=\"width: 100%;  \"\n                ><\/div>\n\t\t\t\t        <\/div>\n    <\/div>\n\n    <script>\n        document.addEventListener(\"DOMContentLoaded\", function () {\n            const selector = document.getElementById(\"shortcode-selector\");\n            if (selector) {\n                selector.addEventListener(\"change\", function () {\n                    const selectedOption = selector.value;\n                    const url = new URL(window.location.href);\n                    url.searchParams.set(\"shortcode_opcao\", selectedOption);\n                    \/\/ Redireciona para a nova URL, recarregando a p\u00e1gina\n                    window.location.href = url.toString();\n                });\n            }\n        });\n    <\/script>\n    \n\n\n\n    \n    <footer style=\"background-color: #333; color: white; padding: 10px 20px; text-align: center; font-size: 14px; height: 3.5cm; display: flex; flex-direction: column; justify-content: center;\">\n        <div style=\"max-width: 1200px; margin: auto;\">\n            \n            <!-- Atalho \"In\u00edcio\" -->\n            <nav style=\"margin-bottom: 5px;\">\n                <a href=\"https:\/\/rhmerco.com.br\/\" style=\"color: white; text-decoration: none; font-weight: bold;\">In\u00edcio<\/a>\n            <\/nav>\n\n            <!-- Contatos -->\n            <p style=\"margin: 2px 0;\">Suporte ao colaborador:     Yuri    \ud83d\udcde (51) 98023-3891 | \ud83d\udce7 ti@mercoaves.com.br<\/p>\n\n            <!-- Marca \/ Direitos Autorais -->\n            <p style=\"margin: 2px 0; font-size: 12px;\">&copy; 2026 MERCOAVES - Todos os direitos reservados.<\/p>\n            \n        <\/div>\n    <\/footer>\n\n    \n","protected":false},"excerpt":{"rendered":"","protected":false},"author":1,"featured_media":0,"parent":0,"menu_order":0,"comment_status":"closed","ping_status":"closed","template":"page-templates\/full-width-page.php","meta":{"_acf_changed":false,"footnotes":""},"class_list":["post-2487","page","type-page","status-publish","hentry"],"acf":[],"_links":{"self":[{"href":"https:\/\/rhmerco.com.br\/index.php?rest_route=\/wp\/v2\/pages\/2487","targetHints":{"allow":["GET"]}}],"collection":[{"href":"https:\/\/rhmerco.com.br\/index.php?rest_route=\/wp\/v2\/pages"}],"about":[{"href":"https:\/\/rhmerco.com.br\/index.php?rest_route=\/wp\/v2\/types\/page"}],"author":[{"embeddable":true,"href":"https:\/\/rhmerco.com.br\/index.php?rest_route=\/wp\/v2\/users\/1"}],"replies":[{"embeddable":true,"href":"https:\/\/rhmerco.com.br\/index.php?rest_route=%2Fwp%2Fv2%2Fcomments&post=2487"}],"version-history":[{"count":20,"href":"https:\/\/rhmerco.com.br\/index.php?rest_route=\/wp\/v2\/pages\/2487\/revisions"}],"predecessor-version":[{"id":2831,"href":"https:\/\/rhmerco.com.br\/index.php?rest_route=\/wp\/v2\/pages\/2487\/revisions\/2831"}],"wp:attachment":[{"href":"https:\/\/rhmerco.com.br\/index.php?rest_route=%2Fwp%2Fv2%2Fmedia&parent=2487"}],"curies":[{"name":"wp","href":"https:\/\/api.w.org\/{rel}","templated":true}]}}