{"id":2627,"date":"2025-02-14T15:51:25","date_gmt":"2025-02-14T18:51:25","guid":{"rendered":"https:\/\/rhmerco.com.br\/?page_id=2627"},"modified":"2025-03-31T14:14:12","modified_gmt":"2025-03-31T17:14:12","slug":"redefinir-senha","status":"publish","type":"page","link":"https:\/\/rhmerco.com.br\/?page_id=2627","title":{"rendered":"Solicita\u00e7\u00e3o de senha"},"content":{"rendered":"\n    <div class=\"menu-container\">\n        <div class=\"h-menu h-global-transition-all h-ignore-global-body-typography has-offcanvas-tablet h-menu-horizontal h-dropdown-menu\">\n            <div class=\"h-global-transition-all h-main-menu\">\n                <div class=\"colibri-menu-container\"><ul id=\"menu-principal\" class=\"colibri-menu bordered-active-item bordered-active-item--bottom effect-none\"><li id=\"menu-item-1707\" class=\"menu-item menu-item-type-custom menu-item-object-custom menu-item-has-children menu-item-1707\"><a>LOGIN<svg aria-hidden=\"true\" data-prefix=\"fas\" data-icon=\"angle-down\" class=\"svg-inline--fa fa-angle-down fa-w-10\" role=\"img\" xmlns=\"http:\/\/www.w3.org\/2000\/svg\" viewBox=\"0 0 320 512\"><path fill=\"currentColor\" d=\"M143 352.3L7 216.3c-9.4-9.4-9.4-24.6 0-33.9l22.6-22.6c9.4-9.4 24.6-9.4 33.9 0l96.4 96.4 96.4-96.4c9.4-9.4 24.6-9.4 33.9 0l22.6 22.6c9.4 9.4 9.4 24.6 0 33.9l-136 136c-9.2 9.4-24.4 9.4-33.8 0z\"><\/path><\/svg><svg aria-hidden=\"true\" data-prefix=\"fas\" data-icon=\"angle-right\" class=\"svg-inline--fa fa-angle-right fa-w-8\" role=\"img\" xmlns=\"http:\/\/www.w3.org\/2000\/svg\" viewBox=\"0 0 256 512\"><path fill=\"currentColor\" d=\"M224.3 273l-136 136c-9.4 9.4-24.6 9.4-33.9 0l-22.6-22.6c-9.4-9.4-9.4-24.6 0-33.9l96.4-96.4-96.4-96.4c-9.4-9.4-9.4-24.6 0-33.9L54.3 103c9.4-9.4 24.6-9.4 33.9 0l136 136c9.5 9.4 9.5 24.6.1 34z\"><\/path><\/svg><\/a>\n<ul class=\"sub-menu\">\n\t<li id=\"menu-item-1628\" class=\"menu-item menu-item-type-custom menu-item-object-custom menu-item-1628\"><a href=\"https:\/\/rhmerco.com.br\/wp-login.php\">ACESSAR<\/a><\/li>\n\t<li id=\"menu-item-2963\" class=\"menu-item menu-item-type-post_type menu-item-object-page menu-item-2963\"><a href=\"https:\/\/rhmerco.com.br\/?page_id=2949\">REDEFINI\u00c7\u00c3O DE SENHA<\/a><\/li>\n\t<li id=\"menu-item-1629\" class=\"menu-item menu-item-type-custom menu-item-object-custom menu-item-1629\"><a href=\"https:\/\/rhmerco.com.br\/wp-login.php?action=logout&#038;_wpnonce=34e56448b8\">SAIR<\/a><\/li>\n<\/ul>\n<\/li>\n<li id=\"menu-item-1698\" class=\"menu-item menu-item-type-custom menu-item-object-custom menu-item-has-children menu-item-1698\"><a>DOCUMENTOS RH<svg aria-hidden=\"true\" data-prefix=\"fas\" data-icon=\"angle-down\" class=\"svg-inline--fa fa-angle-down fa-w-10\" role=\"img\" xmlns=\"http:\/\/www.w3.org\/2000\/svg\" viewBox=\"0 0 320 512\"><path fill=\"currentColor\" d=\"M143 352.3L7 216.3c-9.4-9.4-9.4-24.6 0-33.9l22.6-22.6c9.4-9.4 24.6-9.4 33.9 0l96.4 96.4 96.4-96.4c9.4-9.4 24.6-9.4 33.9 0l22.6 22.6c9.4 9.4 9.4 24.6 0 33.9l-136 136c-9.2 9.4-24.4 9.4-33.8 0z\"><\/path><\/svg><svg aria-hidden=\"true\" data-prefix=\"fas\" data-icon=\"angle-right\" class=\"svg-inline--fa fa-angle-right fa-w-8\" role=\"img\" xmlns=\"http:\/\/www.w3.org\/2000\/svg\" viewBox=\"0 0 256 512\"><path fill=\"currentColor\" d=\"M224.3 273l-136 136c-9.4 9.4-24.6 9.4-33.9 0l-22.6-22.6c-9.4-9.4-9.4-24.6 0-33.9l96.4-96.4-96.4-96.4c-9.4-9.4-9.4-24.6 0-33.9L54.3 103c9.4-9.4 24.6-9.4 33.9 0l136 136c9.5 9.4 9.5 24.6.1 34z\"><\/path><\/svg><\/a>\n<ul class=\"sub-menu\">\n\t<li id=\"menu-item-1619\" class=\"menu-item menu-item-type-post_type menu-item-object-page menu-item-1619\"><a href=\"https:\/\/rhmerco.com.br\/?page_id=32\">CONTRACHEQUES<\/a><\/li>\n\t<li id=\"menu-item-2489\" class=\"menu-item menu-item-type-post_type menu-item-object-page menu-item-2489\"><a href=\"https:\/\/rhmerco.com.br\/?page_id=2487\">ENVIO DE DOCUMENTOS<\/a><\/li>\n<\/ul>\n<\/li>\n<li id=\"menu-item-2172\" class=\"menu-item menu-item-type-post_type menu-item-object-page menu-item-2172\"><a href=\"https:\/\/rhmerco.com.br\/?page_id=2165\">MURAL MERCOAVES<\/a><\/li>\n<li id=\"menu-item-2594\" class=\"menu-item menu-item-type-post_type menu-item-object-page menu-item-2594\"><a href=\"https:\/\/rhmerco.com.br\/?page_id=2587\">POL\u00cdTICAS<\/a><\/li>\n<li id=\"menu-item-2992\" class=\"menu-item menu-item-type-post_type menu-item-object-page menu-item-2992\"><a href=\"https:\/\/rhmerco.com.br\/?page_id=2970\">POPs<\/a><\/li>\n<li id=\"menu-item-1784\" class=\"menu-item menu-item-type-custom menu-item-object-custom menu-item-1784\"><a href=\"https:\/\/glpi.rhmerco.com.br\/glpi\/marketplace\/formcreator\/front\/formdisplay.php?id=1\">ABERTURA DE CHAMADOS TI<\/a><\/li>\n<li id=\"menu-item-3007\" class=\"menu-item menu-item-type-custom menu-item-object-custom menu-item-has-children menu-item-3007\"><a>PRODU\u00c7\u00c3O<svg aria-hidden=\"true\" data-prefix=\"fas\" data-icon=\"angle-down\" class=\"svg-inline--fa fa-angle-down fa-w-10\" role=\"img\" xmlns=\"http:\/\/www.w3.org\/2000\/svg\" viewBox=\"0 0 320 512\"><path fill=\"currentColor\" d=\"M143 352.3L7 216.3c-9.4-9.4-9.4-24.6 0-33.9l22.6-22.6c9.4-9.4 24.6-9.4 33.9 0l96.4 96.4 96.4-96.4c9.4-9.4 24.6-9.4 33.9 0l22.6 22.6c9.4 9.4 9.4 24.6 0 33.9l-136 136c-9.2 9.4-24.4 9.4-33.8 0z\"><\/path><\/svg><svg aria-hidden=\"true\" data-prefix=\"fas\" data-icon=\"angle-right\" class=\"svg-inline--fa fa-angle-right fa-w-8\" role=\"img\" xmlns=\"http:\/\/www.w3.org\/2000\/svg\" viewBox=\"0 0 256 512\"><path fill=\"currentColor\" d=\"M224.3 273l-136 136c-9.4 9.4-24.6 9.4-33.9 0l-22.6-22.6c-9.4-9.4-9.4-24.6 0-33.9l96.4-96.4-96.4-96.4c-9.4-9.4-9.4-24.6 0-33.9L54.3 103c9.4-9.4 24.6-9.4 33.9 0l136 136c9.5 9.4 9.5 24.6.1 34z\"><\/path><\/svg><\/a>\n<ul class=\"sub-menu\">\n\t<li id=\"menu-item-2701\" class=\"menu-item menu-item-type-post_type menu-item-object-page menu-item-2701\"><a href=\"https:\/\/rhmerco.com.br\/?page_id=2697\">RELAT\u00d3RIO DE N\u00c3O CONFORMIDADE<\/a><\/li>\n<\/ul>\n<\/li>\n<\/ul><\/div>            <\/div>\n        <\/div>\n    <\/div>\n\n    <style>\n        \/* Mantendo o estilo do Colibri *\/\n        * {\n            margin: 0;\n            padding: 0;\n            box-sizing: border-box;\n        }\n\n        \/* Cont\u00eainer do menu abaixo do cabe\u00e7alho *\/\n        .menu-container {\n            position: relative;\n            width: 100%;\n            z-index: 999;\n            background-color: #052e82;\n            box-shadow: 0px 2px 5px rgba(0, 0, 0, 0.1);\n            padding: 10px 0;\n        }\n\n        \/* Estilizando o menu *\/\n        .h-menu, .h-mobile-menu {\n            display: flex;\n            justify-content: center;\n            align-items: center;\n            width: 100%;\n            gap: 40px; \/* Ajustado para 40px para n\u00e3o espa\u00e7ar tanto *\/\n            font-family: var(--c-global-font-family, Arial, sans-serif);\n            font-size: var(--c-global-font-size, 13px);\n        }\n\n        .h-menu a {\n            text-decoration: none;\n            color: #fff !important;\n            padding: 10px 15px; \/* Reduzi as margens laterais *\/\n            transition: all 0.3s ease-in-out;\n            display: flex;\n            align-items: center;\n            gap: 15px; \/* Espa\u00e7o entre a palavra e a seta *\/\n        }\n\n        \/* Efeito de hover *\/\n        .h-menu a:hover {\n            color: #ffd700 !important;\n            border-bottom: 2px solid #ffd700;\n        }\n\n        \/* Ajuste da seta do submenu *\/\n        .h-menu li > a::after {\n            margin-left: 15px !important;\n        }\n\n        \/* Estilo para submenus *\/\n        .h-menu li {\n            position: relative;\n        }\n\n        .h-menu li:hover > .sub-menu {\n            display: block;\n            background-color: #052e82;\n        }\n\n        \/* Submenus escondidos por padr\u00e3o *\/\n        .h-menu .sub-menu {\n            display: none;\n            position: absolute;\n            top: 100%;\n            left: 0;\n            background-color: #052e82;\n            padding: 10px 0;\n            box-shadow: 0 2px 5px rgba(0, 0, 0, 0.1);\n        }\n\n        .h-menu .sub-menu a {\n            color: #fff !important;\n            padding: 12px 18px;\n        }\n\n        .h-menu .sub-menu a:hover {\n            color: #ffd700 !important;\n            border-bottom: 2px solid #ffd700;\n        }\n\n        \/* Responsividade *\/\n        @media (max-width: 768px) {\n            .menu-container {\n                padding: 5px 0;\n            }\n\n            .h-menu {\n                flex-direction: column;\n                text-align: center;\n                gap: 20px; \/* Ajuste no mobile *\/\n            }\n\n            .h-menu a {\n                display: block;\n                width: 100%;\n            }\n\n            .h-menu .sub-menu {\n                position: relative;\n                width: 100%;\n            }\n        }\n    <\/style>\n\n    \n\n\n    \n    <style>\n        \/* Ocultar menu em telas grandes *\/\n        @media (min-width: 768px) {\n            .mobile-menu-wrapper { display: none; }\n        }\n        \n        \/* Estiliza\u00e7\u00e3o do bot\u00e3o hamb\u00farguer *\/\n        .menu-toggle {\n            position: fixed;\n            top: 15px;\n            left: 15px;\n            background: #333;\n            color: #fff;\n            padding: 10px;\n            border-radius: 5px;\n            cursor: pointer;\n            z-index: 1001;\n        }\n\n        \/* Estiliza\u00e7\u00e3o da aba lateral *\/\n        .mobile-menu {\n            position: fixed;\n            top: 0;\n            left: -260px;\n            width: 260px;\n            height: 100%;\n            background: #222;\n            color: #fff;\n            box-shadow: 2px 0 5px rgba(0, 0, 0, 0.5);\n            padding-top: 50px;\n            transition: left 0.3s ease-in-out;\n            z-index: 1000;\n            overflow-y: auto;\n        }\n\n        .mobile-menu ul {\n            list-style: none;\n            padding: 0;\n            margin: 0;\n        }\n\n        .mobile-menu a {\n            display: block;\n            padding: 15px;\n            color: white;\n            text-decoration: none;\n            border-bottom: 1px solid #444;\n        }\n\n        .mobile-menu a:hover {\n            background: #444;\n        }\n\n        \/* Submenu *\/\n        .submenu {\n            display: none;\n            background: #333;\n        }\n\n        .submenu a {\n            padding-left: 30px;\n        }\n\n        .menu-item.has-submenu > a::after {\n            content: \" \u25bc\";\n            float: right;\n        }\n\n        .mobile-menu.open {\n            left: 0;\n        }\n    <\/style>\n\n    <div class=\"mobile-menu-wrapper\">\n        <div class=\"menu-toggle\" onclick=\"toggleMobileMenu()\">\u2630 Menu<\/div>\n        <div class=\"mobile-menu\" id=\"mobileMenu\">\n            <ul>\n                                    <li class=\"menu-item has-submenu\">\n                        <a href=\"#\" onclick=\"toggleSubmenu(event, this)\">\n                            LOGIN                        <\/a>\n                                                    <ul class=\"submenu\">\n                                                                    <li>\n                                        <a href=\"https:\/\/rhmerco.com.br\/wp-login.php\">\n                                            ACESSAR                                        <\/a>\n                                    <\/li>\n                                                                    <li>\n                                        <a href=\"https:\/\/rhmerco.com.br\/?page_id=2949\">\n                                            REDEFINIR SENHA                                        <\/a>\n                                    <\/li>\n                                                                    <li>\n                                        <a href=\"https:\/\/rhmerco.com.br\/wp-login.php?action=logout&#038;_wpnonce=9c196634d8\">\n                                            SAIR                                        <\/a>\n                                    <\/li>\n                                                            <\/ul>\n                                            <\/li>\n                                    <li class=\"menu-item has-submenu\">\n                        <a href=\"#\" onclick=\"toggleSubmenu(event, this)\">\n                            DOCUMENTOS RH                        <\/a>\n                                                    <ul class=\"submenu\">\n                                                                    <li>\n                                        <a href=\"https:\/\/rhmerco.com.br\/?page_id=32\">\n                                            CONTRACHEQUES                                        <\/a>\n                                    <\/li>\n                                                                    <li>\n                                        <a href=\"https:\/\/rhmerco.com.br\/?page_id=2487\">\n                                            ENVIO DE DOCUMENTOS                                        <\/a>\n                                    <\/li>\n                                                            <\/ul>\n                                            <\/li>\n                                    <li class=\"menu-item \">\n                        <a href=\"https:\/\/rhmerco.com.br\/?page_id=2165\" onclick=\"toggleSubmenu(event, this)\">\n                            MURAL MERCOAVES                        <\/a>\n                                            <\/li>\n                                    <li class=\"menu-item \">\n                        <a href=\"https:\/\/rhmerco.com.br\/?page_id=2587\" onclick=\"toggleSubmenu(event, this)\">\n                            POL\u00cdTICAS                        <\/a>\n                                            <\/li>\n                                    <li class=\"menu-item \">\n                        <a href=\"https:\/\/glpi.rhmerco.com.br\/glpi\/marketplace\/formcreator\/front\/formdisplay.php?id=1\" onclick=\"toggleSubmenu(event, this)\">\n                            ABERTURA DE CHAMADOS TI                        <\/a>\n                                            <\/li>\n                                    <li class=\"menu-item \">\n                        <a href=\"https:\/\/rhmerco.com.br\/?page_id=2970\" onclick=\"toggleSubmenu(event, this)\">\n                            POPs                        <\/a>\n                                            <\/li>\n                                    <li class=\"menu-item has-submenu\">\n                        <a href=\"#\" onclick=\"toggleSubmenu(event, this)\">\n                            PRODUCAO                        <\/a>\n                                                    <ul class=\"submenu\">\n                                                                    <li>\n                                        <a href=\"https:\/\/rhmerco.com.br\/?page_id=2697\">\n                                            RELAT\u00d3RIO DE N\u00c3O CONFORMIDADE                                        <\/a>\n                                    <\/li>\n                                                            <\/ul>\n                                            <\/li>\n                            <\/ul>\n        <\/div>\n    <\/div>\n\n    <script>\n        function toggleMobileMenu() {\n            var menu = document.getElementById(\"mobileMenu\");\n            menu.classList.toggle(\"open\");\n        }\n\n        function toggleSubmenu(event, element) {\n            event.preventDefault();\n            var submenu = element.nextElementSibling;\n            if (submenu && submenu.classList.contains(\"submenu\")) {\n                submenu.style.display = submenu.style.display === \"block\" ? \"none\" : \"block\";\n            } else {\n                window.location.href = element.href;\n            }\n        }\n    <\/script>\n\n    \n\n\n\n<p><\/p>\n\n\n    <style>\n        .redefinir-container {\n            max-width: 400px;\n            margin: 40px auto;\n            padding: 20px;\n            background: #f9f9f9;\n            border-radius: 10px;\n            box-shadow: 0px 4px 10px rgba(0, 0, 0, 0.1);\n            text-align: center;\n        }\n        .redefinir-container h2 {\n            margin-bottom: 10px;\n            color: #333;\n        }\n        .redefinir-container input {\n            width: 100%;\n            padding: 10px;\n            margin: 10px 0;\n            border: 1px solid #ccc;\n            border-radius: 5px;\n            font-size: 16px;\n            text-align: center;\n        }\n        .redefinir-container button {\n            width: 100%;\n            padding: 10px;\n            background: #0073aa;\n            color: white;\n            border: none;\n            border-radius: 5px;\n            cursor: pointer;\n            font-size: 16px;\n            transition: 0.3s;\n        }\n        .redefinir-container button:hover {\n            background: #005f8d;\n        }\n        .sucesso {\n            color: green;\n            font-weight: bold;\n        }\n        .erro {\n            color: red;\n            font-weight: bold;\n        }\n    <\/style>\n\n    <div class=\"redefinir-container\">\n        <h4>Solicita\u00e7\u00e3o de senha<\/h4>\n        <p>Digite seu CPF para solicitar uma nova senha.<\/p>\n        <form method=\"post\">\n            <input type=\"text\" name=\"cpf\" id=\"cpf\" placeholder=\"Digite seu CPF\" maxlength=\"14\" required>\n            <button type=\"submit\">Solicitar Senha<\/button>\n        <\/form>\n            <\/div>\n\n    <script>\n        document.addEventListener(\"DOMContentLoaded\", function () {\n            var cpfInput = document.getElementById(\"cpf\");\n\n            cpfInput.addEventListener(\"input\", function () {\n                var value = cpfInput.value.replace(\/\\D\/g, \"\"); \/\/ Remove tudo que n\u00e3o for n\u00famero\n                if (value.length > 11) value = value.slice(0, 11); \/\/ Limita a 11 d\u00edgitos\n\n                var formattedCPF = value\n                    .replace(\/^(\\d{3})(\\d)\/, \"$1.$2\")\n                    .replace(\/^(\\d{3})\\.(\\d{3})(\\d)\/, \"$1.$2.$3\")\n                    .replace(\/\\.(\\d{3})(\\d{1,2})$\/, \".$1-$2\");\n\n                cpfInput.value = formattedCPF;\n            });\n        });\n    <\/script>\n\n    \n\n\n    \n    <footer style=\"background-color: #333; color: white; padding: 10px 20px; text-align: center; font-size: 14px; height: 3.5cm; display: flex; flex-direction: column; justify-content: center;\">\n        <div style=\"max-width: 1200px; margin: auto;\">\n            \n            <!-- Atalho \"In\u00edcio\" -->\n            <nav style=\"margin-bottom: 5px;\">\n                <a href=\"https:\/\/rhmerco.com.br\/\" style=\"color: white; text-decoration: none; font-weight: bold;\">In\u00edcio<\/a>\n            <\/nav>\n\n            <!-- Contatos -->\n            <p style=\"margin: 2px 0;\">Suporte ao colaborador:     Yuri    \ud83d\udcde (51) 98023-3891 | \ud83d\udce7 ti@mercoaves.com.br<\/p>\n\n            <!-- Marca \/ Direitos Autorais -->\n            <p style=\"margin: 2px 0; font-size: 12px;\">&copy; 2026 MERCOAVES - Todos os direitos reservados.<\/p>\n            \n        <\/div>\n    <\/footer>\n\n    \n","protected":false},"excerpt":{"rendered":"","protected":false},"author":1,"featured_media":0,"parent":0,"menu_order":0,"comment_status":"closed","ping_status":"closed","template":"page-templates\/full-width-page.php","meta":{"_acf_changed":false,"footnotes":""},"class_list":["post-2627","page","type-page","status-publish","hentry"],"acf":[],"_links":{"self":[{"href":"https:\/\/rhmerco.com.br\/index.php?rest_route=\/wp\/v2\/pages\/2627","targetHints":{"allow":["GET"]}}],"collection":[{"href":"https:\/\/rhmerco.com.br\/index.php?rest_route=\/wp\/v2\/pages"}],"about":[{"href":"https:\/\/rhmerco.com.br\/index.php?rest_route=\/wp\/v2\/types\/page"}],"author":[{"embeddable":true,"href":"https:\/\/rhmerco.com.br\/index.php?rest_route=\/wp\/v2\/users\/1"}],"replies":[{"embeddable":true,"href":"https:\/\/rhmerco.com.br\/index.php?rest_route=%2Fwp%2Fv2%2Fcomments&post=2627"}],"version-history":[{"count":8,"href":"https:\/\/rhmerco.com.br\/index.php?rest_route=\/wp\/v2\/pages\/2627\/revisions"}],"predecessor-version":[{"id":2962,"href":"https:\/\/rhmerco.com.br\/index.php?rest_route=\/wp\/v2\/pages\/2627\/revisions\/2962"}],"wp:attachment":[{"href":"https:\/\/rhmerco.com.br\/index.php?rest_route=%2Fwp%2Fv2%2Fmedia&parent=2627"}],"curies":[{"name":"wp","href":"https:\/\/api.w.org\/{rel}","templated":true}]}}